{"id":54,"date":"2015-04-12T20:50:41","date_gmt":"2015-04-12T19:50:41","guid":{"rendered":"http:\/\/old-mack.at\/?page_id=54"},"modified":"2019-02-10T20:31:41","modified_gmt":"2019-02-10T19:31:41","slug":"traktorgespann","status":"publish","type":"page","link":"https:\/\/old-mack.at\/?page_id=54","title":{"rendered":"Traktorgespann"},"content":{"rendered":"<p>ngg_shortcode_0_placeholder<strong>Zugfahrzeug<\/strong><\/p>\n<p>Porsche Diesel Junior 108L<br \/>\nBaujahr: 1958<br \/>\nHubraum: 822 ccm<br \/>\nLeistung: 14 PS<br \/>\nH\u00f6chstgeschwindigkeit: max. 19 km\/h<br \/>\nEigengewicht: 950 kg<br \/>\nH\u00f6chstzul\u00e4ssiges Gesamtgewicht: 1.560 kg<\/p>\n<p><strong>Umbau \/ rechte Seite<\/strong><\/p>\n<p>Halterung f\u00fcr Stromerzeuger<br \/>\nStromerzeuger: Inverter 2.000 W<\/p>\n<p><strong>Umbau \/ linke Seite<\/strong><\/p>\n<p>Halterung f\u00fcr 2 Ersatzkanister \u00e1 10 Liter (10 Liter Diesel, 10 Liter Gemisch 1:40)<br \/>\nAuspuff Endrohrverl\u00e4ngerung (wegen Abgasen zur Box von Zeus)<\/p>\n<p><strong>Wohnkabine &#8220;Eigenbau&#8221; ungebremst<\/strong><\/p>\n<p>mit 1 Schiebefenster, 1 Dachluke, E-Installation und Gasheizung<br \/>\nKabine:&nbsp;&nbsp;&nbsp;&nbsp;&nbsp;&nbsp;&nbsp; L\/B\/H: 2.200 mm \/ 1.240 mm \/ 1.400 mm<br \/>\nZeus-Box:&nbsp;&nbsp;&nbsp; L\/B\/H: 900 mm \/ 620 mm \/ 930 mm<br \/>\nGesamt:&nbsp;&nbsp;&nbsp;&nbsp;&nbsp;&nbsp; L\/B\/H: 3.500 mm \/ 1.240 mm \/ 1.980 mm<br \/>\nEigengewicht: 270 kg<br \/>\nH\u00f6chstzul\u00e4ssiges Gesamtgewicht: 450 kg<\/p>\n<p><strong>Innenraum vorne<\/strong><\/p>\n<p>Bett mit 2 Staukisten<br \/>\n1 Ablage mit 2 Staukisten<br \/>\n1 Staunetz<br \/>\n1 Gew\u00fcrzablage<br \/>\n1 Tisch + 4-fach Getr\u00e4nkehalter<\/p>\n<p><strong>Innenraum hinten<\/strong><\/p>\n<p>2 Ablagen mit je 2 Staukisten, 1 Ablage mit Staunetz<br \/>\n1 3-reihige Kleiderablage, 1 Staunetz<br \/>\n1 Gasstrahler, 11 kg Gasflasche<br \/>\n4-fach Getr\u00e4nkehalter, Kochausr\u00fcstung<\/p>\n","protected":false},"excerpt":{"rendered":"<p>Zugfahrzeug Porsche Diesel Junior 108L Baujahr: 1958 Hubraum: 822 ccm Leistung: 14 PS H\u00f6chstgeschwindigkeit: max. 19 km\/h Eigengewicht: 950 kg H\u00f6chstzul\u00e4ssiges Gesamtgewicht: 1.560 kg Umbau \/ rechte Seite Halterung f\u00fcr Stromerzeuger Stromerzeuger: Inverter 2.000 W Umbau \/ linke Seite Halterung f\u00fcr 2 Ersatzkanister \u00e1 10 Liter (10 Liter Diesel, 10 Liter Gemisch 1:40) Auspuff Endrohrverl\u00e4ngerung [&hellip;]<\/p>\n","protected":false},"author":1,"featured_media":0,"parent":80,"menu_order":0,"comment_status":"closed","ping_status":"closed","template":"","meta":{"ngg_post_thumbnail":0,"_mc_calendar":[],"footnotes":""},"class_list":["post-54","page","type-page","status-publish","hentry"],"_links":{"self":[{"href":"https:\/\/old-mack.at\/index.php?rest_route=\/wp\/v2\/pages\/54","targetHints":{"allow":["GET"]}}],"collection":[{"href":"https:\/\/old-mack.at\/index.php?rest_route=\/wp\/v2\/pages"}],"about":[{"href":"https:\/\/old-mack.at\/index.php?rest_route=\/wp\/v2\/types\/page"}],"author":[{"embeddable":true,"href":"https:\/\/old-mack.at\/index.php?rest_route=\/wp\/v2\/users\/1"}],"replies":[{"embeddable":true,"href":"https:\/\/old-mack.at\/index.php?rest_route=%2Fwp%2Fv2%2Fcomments&post=54"}],"version-history":[{"count":4,"href":"https:\/\/old-mack.at\/index.php?rest_route=\/wp\/v2\/pages\/54\/revisions"}],"predecessor-version":[{"id":1375,"href":"https:\/\/old-mack.at\/index.php?rest_route=\/wp\/v2\/pages\/54\/revisions\/1375"}],"up":[{"embeddable":true,"href":"https:\/\/old-mack.at\/index.php?rest_route=\/wp\/v2\/pages\/80"}],"wp:attachment":[{"href":"https:\/\/old-mack.at\/index.php?rest_route=%2Fwp%2Fv2%2Fmedia&parent=54"}],"curies":[{"name":"wp","href":"https:\/\/api.w.org\/{rel}","templated":true}]}}