{"id":47,"date":"2015-04-12T20:27:46","date_gmt":"2015-04-12T20:27:46","guid":{"rendered":"http:\/\/old-mack.at\/?page_id=47"},"modified":"2019-02-10T14:34:29","modified_gmt":"2019-02-10T13:34:29","slug":"stiwoll-die-karibik-des-liebochtales","status":"publish","type":"page","link":"https:\/\/old-mack.at\/?page_id=47","title":{"rendered":"Stiwoll&#8230;. (die Karibik des Liebochtales)"},"content":{"rendered":"<p><a href=\"https:\/\/old-mack.at\/wp-content\/uploads\/2015\/04\/stiwoll_wappen.jpg\"><img loading=\"lazy\" decoding=\"async\" width=\"215\" height=\"245\" class=\" size-full wp-image-48 aligncenter\" alt=\"Stiwoll Wappen\" src=\"https:\/\/old-mack.at\/wp-content\/uploads\/2015\/04\/stiwoll_wappen.jpg\"><\/a><\/p>\n<p>Stiwoll am Fu\u00dfe des Plesch im oberen Liebochtal, ca. 25km NW von Graz, geh\u00f6rt zum Bezirk Graz-Umgebung und liegt auf einer Seeh\u00f6he von 475m.<br \/>\nRund 700 Einwohner leben in der 12,9 km\u00b2 gro\u00dfen Gemeinde, wo sich die Waldfl\u00e4che mit der landwirtschaftlichen Nutzfl\u00e4che bzw. Bauland die Waage h\u00e4lt.<br \/>\nDie Gemeinde wurde um 1220 erstmalig als &#8220;<strong>Tybolle<\/strong>&#8221; urkundlich genannt. Bereits vor 1300 wurde mit dem Bau der Kirche &#8220;St.Philipp&#8221; begonnen.<br \/>\nSeit 1796 ist Stiwoll eine eigene Pfarre. 1963 wurde der Gemeinde das Gemeindewappen verliehen.<br \/>\nAuf dem geteilten Schild, ist auf silbernem Hintergrund ein Rinderhaupt bzw. auf gr\u00fcnem Hintergrund das silberne Bergwerkzeichen zu sehen. Diese Symbole sollen die damaligen Haupterwerbsquellen der Gemeinde, wie Silbererze und Kohlengruben sowie Landwirtschaft und Viehzucht symbolisieren.<br \/>\nIm Gemeindegeb\u00e4ude befindet sich neben der Raiffeisenbank auch noch eine kl. Gemeindebibliothek. Auch eine Volksschule mit Kindergarten bereichert die Gemeinde. Das betriebliche Bild zeigt zur Zeit 1 Kaufhaus, 2 Gasth\u00e4user, Most.-u. Buschensch\u00e4nken sowie einige Selbstvermarkter.<br \/>\nAu\u00dfer Wanderm\u00f6glichkeiten in der noch ruhig-romantischen Gemeinde gibt es auch eine &#8220;<strong>Lourdes Grotte<\/strong>&#8221; von deren Wasser man sich heilende Wirkung verspricht.<br \/>\nNicht zu \u00fcbersehen an der Schmiedwirt-Kreuzung S\u00f6dingberg\/St.Pankrazen ist die m\u00e4chtige Skulptur &#8220;<strong>Der feinseelige Liebochtaler Waldsteirer<\/strong>&#8220;.<br \/>\nZahlreiche Vereine und Institutionen sorgen f\u00fcr ein reges Veranstaltungsprogramm, welches mit dem seit 1992 stattfindendem <strong>Dorffest<\/strong> jedes Jahr am 15. August (mit j\u00e4hrlich durchschnittlich ca. 4.000 Besucher) seinen H\u00f6hepunkt findet.<\/p>\n","protected":false},"excerpt":{"rendered":"<p>Stiwoll am Fu\u00dfe des Plesch im oberen Liebochtal, ca. 25km NW von Graz, geh\u00f6rt zum Bezirk Graz-Umgebung und liegt auf einer Seeh\u00f6he von 475m. Rund 700 Einwohner leben in der 12,9 km\u00b2 gro\u00dfen Gemeinde, wo sich die Waldfl\u00e4che mit der landwirtschaftlichen Nutzfl\u00e4che bzw. Bauland die Waage h\u00e4lt. Die Gemeinde wurde um 1220 erstmalig als &#8220;Tybolle&#8221; [&hellip;]<\/p>\n","protected":false},"author":1,"featured_media":0,"parent":80,"menu_order":0,"comment_status":"open","ping_status":"open","template":"","meta":{"ngg_post_thumbnail":0,"_mc_calendar":[],"footnotes":""},"class_list":["post-47","page","type-page","status-publish","hentry"],"_links":{"self":[{"href":"https:\/\/old-mack.at\/index.php?rest_route=\/wp\/v2\/pages\/47","targetHints":{"allow":["GET"]}}],"collection":[{"href":"https:\/\/old-mack.at\/index.php?rest_route=\/wp\/v2\/pages"}],"about":[{"href":"https:\/\/old-mack.at\/index.php?rest_route=\/wp\/v2\/types\/page"}],"author":[{"embeddable":true,"href":"https:\/\/old-mack.at\/index.php?rest_route=\/wp\/v2\/users\/1"}],"replies":[{"embeddable":true,"href":"https:\/\/old-mack.at\/index.php?rest_route=%2Fwp%2Fv2%2Fcomments&post=47"}],"version-history":[{"count":4,"href":"https:\/\/old-mack.at\/index.php?rest_route=\/wp\/v2\/pages\/47\/revisions"}],"predecessor-version":[{"id":1349,"href":"https:\/\/old-mack.at\/index.php?rest_route=\/wp\/v2\/pages\/47\/revisions\/1349"}],"up":[{"embeddable":true,"href":"https:\/\/old-mack.at\/index.php?rest_route=\/wp\/v2\/pages\/80"}],"wp:attachment":[{"href":"https:\/\/old-mack.at\/index.php?rest_route=%2Fwp%2Fv2%2Fmedia&parent=47"}],"curies":[{"name":"wp","href":"https:\/\/api.w.org\/{rel}","templated":true}]}}