{"id":1368,"date":"2019-02-10T20:13:14","date_gmt":"2019-02-10T19:13:14","guid":{"rendered":"http:\/\/old-mack.at\/?page_id=1368"},"modified":"2019-02-10T20:47:46","modified_gmt":"2019-02-10T19:47:46","slug":"medienberichte","status":"publish","type":"page","link":"https:\/\/old-mack.at\/?page_id=1368","title":{"rendered":"Medien"},"content":{"rendered":"\n<p>Ein paar Berichte \u00fcber uns..<\/p>\n\n\n\n<ol class=\"wp-block-list\"><li><a rel=\"noreferrer noopener\" aria-label=\" (\u00f6ffnet in neuem Tab)\" href=\"https:\/\/old-mack.at\/?page_id=299\" target=\"_blank\">Printmedien<\/a><\/li><li><a rel=\"noreferrer noopener\" aria-label=\"TV und H\u00f6rfunk (\u00f6ffnet in neuem Tab)\" href=\"https:\/\/old-mack.at\/?page_id=1355\" target=\"_blank\">TV und H\u00f6rfunk<\/a><\/li><li><a href=\"https:\/\/old-mack.at\/?page_id=1385\" target=\"_blank\" rel=\"noreferrer noopener\" aria-label=\"Fotogalerie (\u00f6ffnet in neuem Tab)\">Fotogalerie<\/a><\/li><li>Vortr\u00e4ge<\/li><\/ol>\n","protected":false},"excerpt":{"rendered":"<p>Ein paar Berichte \u00fcber uns.. Printmedien TV und H\u00f6rfunk Fotogalerie Vortr\u00e4ge<\/p>\n","protected":false},"author":1,"featured_media":0,"parent":0,"menu_order":0,"comment_status":"closed","ping_status":"closed","template":"","meta":{"ngg_post_thumbnail":0,"_mc_calendar":[],"footnotes":""},"class_list":["post-1368","page","type-page","status-publish","hentry"],"_links":{"self":[{"href":"https:\/\/old-mack.at\/index.php?rest_route=\/wp\/v2\/pages\/1368","targetHints":{"allow":["GET"]}}],"collection":[{"href":"https:\/\/old-mack.at\/index.php?rest_route=\/wp\/v2\/pages"}],"about":[{"href":"https:\/\/old-mack.at\/index.php?rest_route=\/wp\/v2\/types\/page"}],"author":[{"embeddable":true,"href":"https:\/\/old-mack.at\/index.php?rest_route=\/wp\/v2\/users\/1"}],"replies":[{"embeddable":true,"href":"https:\/\/old-mack.at\/index.php?rest_route=%2Fwp%2Fv2%2Fcomments&post=1368"}],"version-history":[{"count":5,"href":"https:\/\/old-mack.at\/index.php?rest_route=\/wp\/v2\/pages\/1368\/revisions"}],"predecessor-version":[{"id":1388,"href":"https:\/\/old-mack.at\/index.php?rest_route=\/wp\/v2\/pages\/1368\/revisions\/1388"}],"wp:attachment":[{"href":"https:\/\/old-mack.at\/index.php?rest_route=%2Fwp%2Fv2%2Fmedia&parent=1368"}],"curies":[{"name":"wp","href":"https:\/\/api.w.org\/{rel}","templated":true}]}}